{"id":2,"date":"2020-05-01T16:54:46","date_gmt":"2020-05-01T14:54:46","guid":{"rendered":"https:\/\/sscconsultant.com\/questionnaire\/?page_id=2"},"modified":"2021-05-11T10:13:37","modified_gmt":"2021-05-11T14:13:37","slug":"page-d-exemple","status":"publish","type":"page","link":"https:\/\/sscconsultant.com\/questionnaire\/","title":{"rendered":"Questionnaire quotidien *COVID-19* TRAVAILLEUR"},"content":{"rendered":"<p><span style=\"font-size: 28px; color: #314f66;\">Questionnaire quotidien *COVID-19* TRAVAILLEUR<\/span><br \/>\n<span style=\"font-size: 18px; color: #314f66;\">Mesures pr\u00e9ventives chantiers \/ COVID-19. <\/span><\/p>\n<p><span style=\"font-size: 18px; color: #314f66;\">SVP R\u00c9PONDRE \u00c0 CE QUESTIONNAIRE QUOTIDIENNEMENT AFIN D&rsquo;\u00c9VALUER QUE VOTRE PR\u00c9SENCE EST S\u00c9CURITAIRE.<\/span><br \/>\n<p class=\"gform_not_found\">A\u00efe ! Nous n\u2019avons pas retrouv\u00e9 votre formulaire.<\/p><\/p>\n","protected":false},"excerpt":{"rendered":"<p>Questionnaire quotidien *COVID-19* TRAVAILLEUR Mesures pr\u00e9ventives chantiers \/ COVID-19. SVP R\u00c9PONDRE \u00c0 CE QUESTIONNAIRE QUOTIDIENNEMENT AFIN D&rsquo;\u00c9VALUER QUE VOTRE PR\u00c9SENCE EST S\u00c9CURITAIRE.<\/p>\n","protected":false},"author":1,"featured_media":0,"parent":0,"menu_order":0,"comment_status":"closed","ping_status":"open","template":"full-width.php","meta":[],"_links":{"self":[{"href":"https:\/\/sscconsultant.com\/questionnaire\/index.php\/wp-json\/wp\/v2\/pages\/2"}],"collection":[{"href":"https:\/\/sscconsultant.com\/questionnaire\/index.php\/wp-json\/wp\/v2\/pages"}],"about":[{"href":"https:\/\/sscconsultant.com\/questionnaire\/index.php\/wp-json\/wp\/v2\/types\/page"}],"author":[{"embeddable":true,"href":"https:\/\/sscconsultant.com\/questionnaire\/index.php\/wp-json\/wp\/v2\/users\/1"}],"replies":[{"embeddable":true,"href":"https:\/\/sscconsultant.com\/questionnaire\/index.php\/wp-json\/wp\/v2\/comments?post=2"}],"version-history":[{"count":14,"href":"https:\/\/sscconsultant.com\/questionnaire\/index.php\/wp-json\/wp\/v2\/pages\/2\/revisions"}],"predecessor-version":[{"id":92,"href":"https:\/\/sscconsultant.com\/questionnaire\/index.php\/wp-json\/wp\/v2\/pages\/2\/revisions\/92"}],"wp:attachment":[{"href":"https:\/\/sscconsultant.com\/questionnaire\/index.php\/wp-json\/wp\/v2\/media?parent=2"}],"curies":[{"name":"wp","href":"https:\/\/api.w.org\/{rel}","templated":true}]}}